{"id":281,"date":"2024-01-12T19:27:36","date_gmt":"2024-01-12T10:27:36","guid":{"rendered":"https:\/\/it-serv.jp\/?page_id=281"},"modified":"2024-01-23T21:09:16","modified_gmt":"2024-01-23T12:09:16","slug":"seihin","status":"publish","type":"page","link":"https:\/\/it-serv.jp\/vi\/filemaker\/seihin\/","title":{"rendered":"\u0110\u00e1nh gi\u00e1"},"content":{"rendered":"","protected":false},"excerpt":{"rendered":"","protected":false},"author":2,"featured_media":0,"parent":279,"menu_order":0,"comment_status":"closed","ping_status":"closed","template":"","meta":{"footnotes":""},"class_list":["post-281","page","type-page","status-publish","hentry"],"acf":[],"_links":{"self":[{"href":"https:\/\/it-serv.jp\/vi\/wp-json\/wp\/v2\/pages\/281","targetHints":{"allow":["GET"]}}],"collection":[{"href":"https:\/\/it-serv.jp\/vi\/wp-json\/wp\/v2\/pages"}],"about":[{"href":"https:\/\/it-serv.jp\/vi\/wp-json\/wp\/v2\/types\/page"}],"author":[{"embeddable":true,"href":"https:\/\/it-serv.jp\/vi\/wp-json\/wp\/v2\/users\/2"}],"replies":[{"embeddable":true,"href":"https:\/\/it-serv.jp\/vi\/wp-json\/wp\/v2\/comments?post=281"}],"version-history":[{"count":1,"href":"https:\/\/it-serv.jp\/vi\/wp-json\/wp\/v2\/pages\/281\/revisions"}],"predecessor-version":[{"id":282,"href":"https:\/\/it-serv.jp\/vi\/wp-json\/wp\/v2\/pages\/281\/revisions\/282"}],"up":[{"embeddable":true,"href":"https:\/\/it-serv.jp\/vi\/wp-json\/wp\/v2\/pages\/279"}],"wp:attachment":[{"href":"https:\/\/it-serv.jp\/vi\/wp-json\/wp\/v2\/media?parent=281"}],"curies":[{"name":"wp","href":"https:\/\/api.w.org\/{rel}","templated":true}]}}